{"id":894,"date":"2016-11-06T13:17:31","date_gmt":"2016-11-06T12:17:31","guid":{"rendered":"http:\/\/alexandresaada.com\/smartphones_tablets\/?page_id=894"},"modified":"2020-02-19T13:58:59","modified_gmt":"2020-02-19T12:58:59","slug":"we-free","status":"publish","type":"page","link":"https:\/\/alexandresaada.com\/smartphones_tablets\/we-free\/","title":{"rendered":"We Free"},"content":{"rendered":"<p><div class=\"fusion-bg-parallax\" data-bg-align=\"left top\" data-direction=\"down\" data-mute=\"false\" data-opacity=\"100\" data-velocity=\"-0.3\" data-mobile-enabled=\"true\" data-break_parents=\"0\" data-bg-image=\"https:\/\/alexandresaada.com\/smartphones_tablets\/wp-content\/uploads\/2016\/01\/FW_groupe_1400.jpg\" data-bg-repeat=\"false\" ><\/div><div class=\"fusion-fullwidth fullwidth-box fusion-builder-row-1 fusion-parallax-down nonhundred-percent-fullwidth non-hundred-percent-height-scrolling\" style=\"--awb-background-position:left top;--awb-border-radius-top-left:0px;--awb-border-radius-top-right:0px;--awb-border-radius-bottom-right:0px;--awb-border-radius-bottom-left:0px;--awb-background-image:url(&quot;https:\/\/alexandresaada.com\/smartphones_tablets\/wp-content\/uploads\/2016\/01\/FW_groupe_1400.jpg&quot;);--awb-background-size:cover;--awb-border-sizes-top:0px;--awb-border-sizes-bottom:0px;--awb-flex-wrap:wrap;\" ><div class=\"fusion-builder-row fusion-row\"><div class=\"fusion-layout-column fusion_builder_column fusion-builder-column-0 fusion_builder_column_1_1 1_1 fusion-one-full fusion-column-first fusion-column-last fusion-column-no-min-height\" style=\"--awb-bg-size:cover;--awb-margin-bottom:0px;\"><div class=\"fusion-column-wrapper fusion-flex-column-wrapper-legacy\"><div class=\"fusion-text fusion-text-1\"><h1 style=\"text-align: center;\"><span style=\"color: #ffffff;\">WE FREE<\/span><\/h1>\n<\/div><div class=\"fusion-clearfix\"><\/div><\/div><\/div><div class=\"fusion-layout-column fusion_builder_column fusion-builder-column-1 fusion_builder_column_5_6 5_6 fusion-five-sixth fusion-column-first\" style=\"--awb-bg-size:cover;\"><div class=\"fusion-column-wrapper fusion-flex-column-wrapper-legacy\"><div class=\"fusion-text fusion-text-2\"><p><img decoding=\"async\" class=\"alignleft size-full wp-image-855\" src=\"https:\/\/alexandresaada.com\/smartphones_tablets\/wp-content\/uploads\/2016\/01\/FW_groupe_1400.jpg\" alt=\"fw_groupe_1400\" width=\"1400\" height=\"692\" srcset=\"https:\/\/alexandresaada.com\/smartphones_tablets\/wp-content\/uploads\/2016\/01\/FW_groupe_1400-200x99.jpg 200w, https:\/\/alexandresaada.com\/smartphones_tablets\/wp-content\/uploads\/2016\/01\/FW_groupe_1400-300x148.jpg 300w, https:\/\/alexandresaada.com\/smartphones_tablets\/wp-content\/uploads\/2016\/01\/FW_groupe_1400-400x198.jpg 400w, https:\/\/alexandresaada.com\/smartphones_tablets\/wp-content\/uploads\/2016\/01\/FW_groupe_1400-600x297.jpg 600w, https:\/\/alexandresaada.com\/smartphones_tablets\/wp-content\/uploads\/2016\/01\/FW_groupe_1400-768x380.jpg 768w, https:\/\/alexandresaada.com\/smartphones_tablets\/wp-content\/uploads\/2016\/01\/FW_groupe_1400-800x395.jpg 800w, https:\/\/alexandresaada.com\/smartphones_tablets\/wp-content\/uploads\/2016\/01\/FW_groupe_1400-1024x506.jpg 1024w, https:\/\/alexandresaada.com\/smartphones_tablets\/wp-content\/uploads\/2016\/01\/FW_groupe_1400-1200x593.jpg 1200w, https:\/\/alexandresaada.com\/smartphones_tablets\/wp-content\/uploads\/2016\/01\/FW_groupe_1400.jpg 1400w\" sizes=\"(max-width: 1400px) 100vw, 1400px\" \/><\/p>\n<\/div><div class=\"fusion-clearfix\"><\/div><\/div><\/div><div class=\"fusion-layout-column fusion_builder_column fusion-builder-column-2 fusion_builder_column_2_5 2_5 fusion-two-fifth fusion-column-last\" style=\"--awb-bg-size:cover;\"><div class=\"fusion-column-wrapper fusion-flex-column-wrapper-legacy\"><div class=\"fusion-video fusion-youtube\" style=\"--awb-max-width:600px;--awb-max-height:350px;\"><div class=\"video-shortcode\"><div class=\"fluid-width-video-wrapper\" style=\"padding-top:58.33%;\" ><iframe title=\"YouTube video player 1\" src=\"https:\/\/www.youtube.com\/embed\/levak8ccM6g?wmode=transparent&autoplay=0&amp;rel=0&amp;showinfo=0\" width=\"600\" height=\"350\" allowfullscreen allow=\"autoplay; clipboard-write; encrypted-media; gyroscope; picture-in-picture;\"><\/iframe><\/div><\/div><\/div><div class=\"fusion-clearfix\"><\/div><\/div><\/div><div class=\"fusion-layout-column fusion_builder_column fusion-builder-column-3 fusion_builder_column_1_3 1_3 fusion-one-third fusion-column-first\" style=\"--awb-padding-top:10px;--awb-padding-right:10px;--awb-padding-bottom:10px;--awb-padding-left:10px;--awb-bg-color:rgba(255, 255, 255, 0.8);--awb-bg-color-hover:rgba(255, 255, 255, 0.8);--awb-bg-size:cover;--awb-margin-top:3px;width:30.6666%; margin-right: 4%;\"><div class=\"fusion-column-wrapper fusion-flex-column-wrapper-legacy\"><div class=\"fusion-text fusion-text-3\"><p>Le 7 f\u00e9vrier 2016, j&rsquo;ai invit\u00e9 au Studio Ferber les 28 musiciens les plus g\u00e9n\u00e9reux et talentueux de la plan\u00e8te pour une s\u00e9ance particuli\u00e8re.<br \/>\n5 heures d&rsquo;improvisation non-stop ! Aucune consigne, aucun point de d\u00e9part, chacun \u00e9tait libre de jouer ce qu&rsquo;il voulait quand il voulait.<\/p>\n<p>L&rsquo;enregistrement de cette session extraordinaire a donn\u00e9 lieu \u00e0 un disque d&rsquo;une profonde richesse.<\/p>\n<p>\u00ab A la mani\u00e8re des monuments free d\u2019antan (Free Jazz de Coleman ou Ascension de Coltrane), We Free capte un instant de cr\u00e9ation en dehors de toute raison o\u00f9 le hasard des rencontres provoque des explosions d\u2019enthousiasme, enfante la joie des transes collectives. \u00bb LES INROCKS<\/p>\n<p><a href=\"https:\/\/alexandresaada.com\/smartphones_tablets\/albums\/\">Album<\/a><\/p>\n<\/div><div class=\"fusion-text fusion-text-4\"><p><a href=\"http:\/\/wefreeproject.com\" target=\"_blank\" rel=\"noopener noreferrer\">we free website<\/a><\/p>\n<\/div><div class=\"fusion-text fusion-text-5\"><p><a href=\"https:\/\/www.facebook.com\/wefreefederation\/\" target=\"_blank\" rel=\"noopener noreferrer\">we free facebook<\/a><\/p>\n<\/div><div class=\"fusion-clearfix\"><\/div><\/div><\/div><div class=\"fusion-layout-column fusion_builder_column fusion-builder-column-4 fusion_builder_column_1_4 1_4 fusion-one-fourth\" style=\"--awb-bg-size:cover;width:22%; margin-right: 4%;\"><div class=\"fusion-column-wrapper fusion-flex-column-wrapper-legacy\"><div class=\"fusion-image-element in-legacy-container\" style=\"--awb-caption-title-font-family:var(--h2_typography-font-family);--awb-caption-title-font-weight:var(--h2_typography-font-weight);--awb-caption-title-font-style:var(--h2_typography-font-style);--awb-caption-title-size:var(--h2_typography-font-size);--awb-caption-title-transform:var(--h2_typography-text-transform);--awb-caption-title-line-height:var(--h2_typography-line-height);--awb-caption-title-letter-spacing:var(--h2_typography-letter-spacing);\"><span class=\" fusion-imageframe imageframe-none imageframe-1 hover-type-none\"><img decoding=\"async\" width=\"336\" height=\"500\" title=\"we_free_nb_8\" src=\"https:\/\/alexandresaada.com\/smartphones_tablets\/wp-content\/uploads\/2016\/11\/we_free_nb_8.jpg\" alt class=\"img-responsive wp-image-902\" srcset=\"https:\/\/alexandresaada.com\/smartphones_tablets\/wp-content\/uploads\/2016\/11\/we_free_nb_8-200x298.jpg 200w, https:\/\/alexandresaada.com\/smartphones_tablets\/wp-content\/uploads\/2016\/11\/we_free_nb_8.jpg 336w\" sizes=\"(max-width: 800px) 100vw, 336px\" \/><\/span><\/div><div class=\"fusion-clearfix\"><\/div><\/div><\/div><div class=\"fusion-layout-column fusion_builder_column fusion-builder-column-5 fusion_builder_column_1_3 1_3 fusion-one-third\" style=\"--awb-bg-size:cover;width:30.6666%; margin-right: 4%;\"><div class=\"fusion-column-wrapper fusion-flex-column-wrapper-legacy\"><div class=\"fusion-image-element fusion-image-align-right in-legacy-container\" style=\"text-align:right;--awb-bottom-shadow-color:rgba(0,0,0,0.4);--awb-caption-title-font-family:var(--h2_typography-font-family);--awb-caption-title-font-weight:var(--h2_typography-font-weight);--awb-caption-title-font-style:var(--h2_typography-font-style);--awb-caption-title-size:var(--h2_typography-font-size);--awb-caption-title-transform:var(--h2_typography-text-transform);--awb-caption-title-line-height:var(--h2_typography-line-height);--awb-caption-title-letter-spacing:var(--h2_typography-letter-spacing);\"><div class=\"awb-image-frame awb-image-frame-2 awb-bottomshadow\"><span class=\" fusion-imageframe imageframe-bottomshadow imageframe-2 hover-type-none\" style=\"border:1px solid #f6f6f6;\"><img decoding=\"async\" width=\"500\" height=\"337\" title=\"we_free_nb_3\" src=\"https:\/\/alexandresaada.com\/smartphones_tablets\/wp-content\/uploads\/2016\/11\/we_free_nb_3.jpg\" alt class=\"img-responsive wp-image-906\" srcset=\"https:\/\/alexandresaada.com\/smartphones_tablets\/wp-content\/uploads\/2016\/11\/we_free_nb_3-200x135.jpg 200w, https:\/\/alexandresaada.com\/smartphones_tablets\/wp-content\/uploads\/2016\/11\/we_free_nb_3-400x270.jpg 400w, https:\/\/alexandresaada.com\/smartphones_tablets\/wp-content\/uploads\/2016\/11\/we_free_nb_3.jpg 500w\" sizes=\"(max-width: 800px) 100vw, 500px\" \/><\/span><svg xmlns=\"http:\/\/www.w3.org\/2000\/svg\" version=\"1.1\" width=\"100%\" viewBox=\"0 0 600 28\" preserveAspectRatio=\"none\"><g clip-path=\"url(#a)\"><mask id=\"b\" style=\"mask-type:luminance\" maskUnits=\"userSpaceOnUse\" x=\"0\" y=\"0\" width=\"600\" height=\"28\"><path d=\"M0 0h600v28H0V0Z\" fill=\"#fff\"\/><\/mask><g filter=\"url(#c)\" mask=\"url(#b)\"><path d=\"M16.439-18.667h567.123v30.8S438.961-8.4 300-8.4C161.04-8.4 16.438 12.133 16.438 12.133v-30.8Z\" fill=\"#000\"\/><\/g><\/g><defs><clipPath id=\"a\"><path fill=\"#fff\" d=\"M0 0h600v28H0z\"\/><\/clipPath><filter id=\"c\" x=\"5.438\" y=\"-29.667\" width=\"589.123\" height=\"52.8\" filterUnits=\"userSpaceOnUse\" color-interpolation-filters=\"sRGB\"><feFlood flood-opacity=\"0\" result=\"BackgroundImageFix\"\/><feBlend in=\"SourceGraphic\" in2=\"BackgroundImageFix\" result=\"shape\"\/><feGaussianBlur stdDeviation=\"5.5\" result=\"effect1_foregroundBlur_3983_183\"\/><\/filter><\/defs><\/svg><\/div><\/div><div class=\"fusion-clearfix\"><\/div><\/div><\/div><div class=\"fusion-layout-column fusion_builder_column fusion-builder-column-6 fusion_builder_column_2_3 2_3 fusion-two-third fusion-column-last\" style=\"--awb-bg-size:cover;width:65.3333%;\"><div class=\"fusion-column-wrapper fusion-flex-column-wrapper-legacy\"><div class=\"fusion-image-element fusion-image-align-right in-legacy-container\" style=\"text-align:right;--awb-bottom-shadow-color:rgba(0,0,0,0.4);--awb-caption-title-font-family:var(--h2_typography-font-family);--awb-caption-title-font-weight:var(--h2_typography-font-weight);--awb-caption-title-font-style:var(--h2_typography-font-style);--awb-caption-title-size:var(--h2_typography-font-size);--awb-caption-title-transform:var(--h2_typography-text-transform);--awb-caption-title-line-height:var(--h2_typography-line-height);--awb-caption-title-letter-spacing:var(--h2_typography-letter-spacing);\"><div class=\"awb-image-frame awb-image-frame-3 awb-bottomshadow\"><span class=\" fusion-imageframe imageframe-bottomshadow imageframe-3 hover-type-none\" style=\"border:1px solid #f6f6f6;\"><img decoding=\"async\" width=\"500\" height=\"338\" title=\"we_free_nb_15\" src=\"https:\/\/alexandresaada.com\/smartphones_tablets\/wp-content\/uploads\/2016\/11\/we_free_nb_15.jpg\" alt class=\"img-responsive wp-image-904\" srcset=\"https:\/\/alexandresaada.com\/smartphones_tablets\/wp-content\/uploads\/2016\/11\/we_free_nb_15-200x135.jpg 200w, https:\/\/alexandresaada.com\/smartphones_tablets\/wp-content\/uploads\/2016\/11\/we_free_nb_15-400x270.jpg 400w, https:\/\/alexandresaada.com\/smartphones_tablets\/wp-content\/uploads\/2016\/11\/we_free_nb_15.jpg 500w\" sizes=\"(max-width: 800px) 100vw, 500px\" \/><\/span><svg xmlns=\"http:\/\/www.w3.org\/2000\/svg\" version=\"1.1\" width=\"100%\" viewBox=\"0 0 600 28\" preserveAspectRatio=\"none\"><g clip-path=\"url(#a)\"><mask id=\"b\" style=\"mask-type:luminance\" maskUnits=\"userSpaceOnUse\" x=\"0\" y=\"0\" width=\"600\" height=\"28\"><path d=\"M0 0h600v28H0V0Z\" fill=\"#fff\"\/><\/mask><g filter=\"url(#c)\" mask=\"url(#b)\"><path d=\"M16.439-18.667h567.123v30.8S438.961-8.4 300-8.4C161.04-8.4 16.438 12.133 16.438 12.133v-30.8Z\" fill=\"#000\"\/><\/g><\/g><defs><clipPath id=\"a\"><path fill=\"#fff\" d=\"M0 0h600v28H0z\"\/><\/clipPath><filter id=\"c\" x=\"5.438\" y=\"-29.667\" width=\"589.123\" height=\"52.8\" filterUnits=\"userSpaceOnUse\" color-interpolation-filters=\"sRGB\"><feFlood flood-opacity=\"0\" result=\"BackgroundImageFix\"\/><feBlend in=\"SourceGraphic\" in2=\"BackgroundImageFix\" result=\"shape\"\/><feGaussianBlur stdDeviation=\"5.5\" result=\"effect1_foregroundBlur_3983_183\"\/><\/filter><\/defs><\/svg><\/div><\/div><div class=\"fusion-clearfix\"><\/div><\/div><\/div><div class=\"fusion-layout-column fusion_builder_column fusion-builder-column-7 fusion_builder_column_1_3 1_3 fusion-one-third fusion-column-first\" style=\"--awb-bg-size:cover;width:30.6666%; margin-right: 4%;\"><div class=\"fusion-column-wrapper fusion-flex-column-wrapper-legacy\"><div class=\"fusion-video fusion-youtube\" style=\"--awb-max-width:600px;--awb-max-height:350px;\"><div class=\"video-shortcode\"><div class=\"fluid-width-video-wrapper\" style=\"padding-top:58.33%;\" ><iframe title=\"YouTube video player 2\" src=\"https:\/\/www.youtube.com\/embed\/364CPjlg_BA?wmode=transparent&autoplay=0&amp;rel=0&amp;showinfo=0\" width=\"600\" height=\"350\" allowfullscreen allow=\"autoplay; clipboard-write; encrypted-media; gyroscope; picture-in-picture;\"><\/iframe><\/div><\/div><\/div><div class=\"fusion-clearfix\"><\/div><\/div><\/div><div class=\"fusion-layout-column fusion_builder_column fusion-builder-column-8 fusion_builder_column_2_3 2_3 fusion-two-third fusion-column-last\" style=\"--awb-bg-repeat:repeat-y;width:65.3333%;\"><div class=\"fusion-column-wrapper fusion-flex-column-wrapper-legacy\"><div class=\"fusion-column-content-centered\"><div class=\"fusion-column-content\"><div class=\"fusion-image-element fusion-image-align-right in-legacy-container\" style=\"text-align:right;--awb-bottom-shadow-color:rgba(0,0,0,0.4);--awb-caption-title-font-family:var(--h2_typography-font-family);--awb-caption-title-font-weight:var(--h2_typography-font-weight);--awb-caption-title-font-style:var(--h2_typography-font-style);--awb-caption-title-size:var(--h2_typography-font-size);--awb-caption-title-transform:var(--h2_typography-text-transform);--awb-caption-title-line-height:var(--h2_typography-line-height);--awb-caption-title-letter-spacing:var(--h2_typography-letter-spacing);\"><div class=\"awb-image-frame awb-image-frame-4 awb-bottomshadow fusion-animated\" data-animationType=\"flash\" data-animationDuration=\"0.2\" data-animationOffset=\"top-into-view\"><span class=\" fusion-imageframe imageframe-bottomshadow imageframe-4 hover-type-none\" style=\"border:1px solid #f6f6f6;\"><a href=\"https:\/\/alexandresaada.com\/smartphones_tablets\/wp-content\/uploads\/2016\/11\/affiche_cafe_danse_300.jpg\" class=\"fusion-lightbox\" data-rel=\"iLightbox[9b952ebb5cfd967c631]\" data-title=\"affiche_cafe_danse_300\" title=\"affiche_cafe_danse_300\"><img decoding=\"async\" width=\"300\" height=\"424\" src=\"https:\/\/alexandresaada.com\/smartphones_tablets\/wp-content\/uploads\/2016\/11\/affiche_cafe_danse_300.jpg\" alt class=\"img-responsive wp-image-893\" srcset=\"https:\/\/alexandresaada.com\/smartphones_tablets\/wp-content\/uploads\/2016\/11\/affiche_cafe_danse_300-200x283.jpg 200w, https:\/\/alexandresaada.com\/smartphones_tablets\/wp-content\/uploads\/2016\/11\/affiche_cafe_danse_300.jpg 300w\" sizes=\"(max-width: 800px) 100vw, 300px\" \/><\/a><\/span><svg xmlns=\"http:\/\/www.w3.org\/2000\/svg\" version=\"1.1\" width=\"100%\" viewBox=\"0 0 600 28\" preserveAspectRatio=\"none\"><g clip-path=\"url(#a)\"><mask id=\"b\" style=\"mask-type:luminance\" maskUnits=\"userSpaceOnUse\" x=\"0\" y=\"0\" width=\"600\" height=\"28\"><path d=\"M0 0h600v28H0V0Z\" fill=\"#fff\"\/><\/mask><g filter=\"url(#c)\" mask=\"url(#b)\"><path d=\"M16.439-18.667h567.123v30.8S438.961-8.4 300-8.4C161.04-8.4 16.438 12.133 16.438 12.133v-30.8Z\" fill=\"#000\"\/><\/g><\/g><defs><clipPath id=\"a\"><path fill=\"#fff\" d=\"M0 0h600v28H0z\"\/><\/clipPath><filter id=\"c\" x=\"5.438\" y=\"-29.667\" width=\"589.123\" height=\"52.8\" filterUnits=\"userSpaceOnUse\" color-interpolation-filters=\"sRGB\"><feFlood flood-opacity=\"0\" result=\"BackgroundImageFix\"\/><feBlend in=\"SourceGraphic\" in2=\"BackgroundImageFix\" result=\"shape\"\/><feGaussianBlur stdDeviation=\"5.5\" result=\"effect1_foregroundBlur_3983_183\"\/><\/filter><\/defs><\/svg><\/div><\/div><\/div><\/div><div class=\"fusion-clearfix\"><\/div><\/div><\/div><\/div><\/div><div class=\"fusion-fullwidth fullwidth-box fusion-builder-row-2 fusion-parallax-fixed nonhundred-percent-fullwidth non-hundred-percent-height-scrolling\" style=\"--awb-background-position:left top;--awb-border-radius-top-left:0px;--awb-border-radius-top-right:0px;--awb-border-radius-bottom-right:0px;--awb-border-radius-bottom-left:0px;--awb-padding-top:0px;--awb-padding-bottom:0px;--awb-background-image:url(&quot;https:\/\/alexandresaada.com\/smartphones_tablets\/wp-content\/uploads\/2015\/12\/We_Free_1200.jpg&quot;);--awb-background-size:cover;--awb-border-sizes-top:0px;--awb-border-sizes-bottom:0px;--awb-flex-wrap:wrap;background-attachment:fixed;\" ><div class=\"fusion-builder-row fusion-row\"><div class=\"fusion-layout-column fusion_builder_column fusion-builder-column-9 fusion_builder_column_1_3 1_3 fusion-one-third fusion-column-first\" style=\"--awb-bg-size:cover;\"><div class=\"fusion-column-wrapper fusion-flex-column-wrapper-legacy\"><div class=\"fusion-image-element in-legacy-container\" style=\"--awb-caption-title-font-family:var(--h2_typography-font-family);--awb-caption-title-font-weight:var(--h2_typography-font-weight);--awb-caption-title-font-style:var(--h2_typography-font-style);--awb-caption-title-size:var(--h2_typography-font-size);--awb-caption-title-transform:var(--h2_typography-text-transform);--awb-caption-title-line-height:var(--h2_typography-line-height);--awb-caption-title-letter-spacing:var(--h2_typography-letter-spacing);\"><span class=\" fusion-imageframe imageframe-none imageframe-5 hover-type-none\"><img decoding=\"async\" width=\"338\" height=\"500\" title=\"we_free_nb_14\" src=\"https:\/\/alexandresaada.com\/smartphones_tablets\/wp-content\/uploads\/2016\/11\/we_free_nb_14.jpg\" alt class=\"img-responsive wp-image-903\" srcset=\"https:\/\/alexandresaada.com\/smartphones_tablets\/wp-content\/uploads\/2016\/11\/we_free_nb_14-200x296.jpg 200w, https:\/\/alexandresaada.com\/smartphones_tablets\/wp-content\/uploads\/2016\/11\/we_free_nb_14.jpg 338w\" sizes=\"(max-width: 800px) 100vw, 338px\" \/><\/span><\/div><div class=\"fusion-clearfix\"><\/div><\/div><\/div><div class=\"fusion-layout-column fusion_builder_column fusion-builder-column-10 fusion_builder_column_1_3 1_3 fusion-one-third fusion-animated\" style=\"--awb-padding-top:10px;--awb-padding-right:10px;--awb-padding-bottom:10px;--awb-padding-left:10px;--awb-bg-color:rgba(255, 255, 255, 0.8);--awb-bg-color-hover:rgba(255, 255, 255, 0.8);--awb-bg-size:cover;--awb-margin-top:3px;width:30.6666%; margin-right: 4%;\" data-animationType=\"fadeInDown\" data-animationDuration=\"0.1\" data-animationOffset=\"top-into-view\"><div class=\"fusion-column-wrapper fusion-flex-column-wrapper-legacy\"><div class=\"fusion-column-content-centered\"><div class=\"fusion-column-content\"><div class=\"fusion-text fusion-text-6\"><p>Quand je suis arriv\u00e9 au studio ce jour-l\u00e0, les premiers musiciens \u00e9taient en train de s&rsquo;installer. Il r\u00e9gnait une atmosph\u00e8re tr\u00e8s particuli\u00e8re, \u00e0 la fois paisible et grisante. On ressentait tous un peu d&rsquo;anxi\u00e9t\u00e9 et beaucoup d&rsquo;excitation, on avait envie de plonger ! Il y avait des micros et des c\u00e2bles partout, deux batteries, des basses et contrebasses, des cuivres, des bois, des guitares, des percussions, un piano, un Fender Rhodes, un vibraphone, un accord\u00e9on, et au centre sur un tapis, une scie musicale, une machine \u00e0 \u00e9crire, un toy piano, des ustensiles de cuisine et tout un tas de babioles. Au d\u00e9but tout \u00e7a ressemblait \u00e0 une joyeuse jam session mais petit \u00e0 petit la musique a \u00e9t\u00e9 plus construite, plus introspective. L\u2019\u00e9coute s\u2019installait.<\/p>\n<p>Tout au long de la soir\u00e9e, ce vivier de personnalit\u00e9s a cr\u00e9\u00e9 une musique qui a \u00e9volu\u00e9 au rythme des rencontres, des \u00e9motions observ\u00e9es et partag\u00e9es, des affinit\u00e9s, des amiti\u00e9s individuelles et collectives, de l\u2019\u00e9nergie communiqu\u00e9e et re\u00e7ue, de la fatigue ressentie et tue.<br \/>\nMon fr\u00e8re Emmanuel a magnifiquement film\u00e9 cette soir\u00e9e unique et mon ami Bertrand Perrin avec qui je partage la passion de la photo argentique, en a fait les belles prises de vues.<\/p>\n<\/div><\/div><\/div><div class=\"fusion-clearfix\"><\/div><\/div><\/div><div class=\"fusion-layout-column fusion_builder_column fusion-builder-column-11 fusion_builder_column_1_3 1_3 fusion-one-third fusion-column-last\" style=\"--awb-padding-top:10px;--awb-padding-right:10px;--awb-padding-bottom:10px;--awb-padding-left:10px;--awb-bg-color:rgba(255, 255, 255, 0.8);--awb-bg-color-hover:rgba(255, 255, 255, 0.8);--awb-bg-size:cover;--awb-margin-top:3px;width:30.6666%;\"><div class=\"fusion-column-wrapper fusion-flex-column-wrapper-legacy\"><div class=\"fusion-video fusion-youtube\" style=\"--awb-max-width:600px;--awb-max-height:350px;\"><div class=\"video-shortcode\"><div class=\"fluid-width-video-wrapper\" style=\"padding-top:58.33%;\" ><iframe title=\"YouTube video player 3\" src=\"https:\/\/www.youtube.com\/embed\/CzBx5IpTYVM?wmode=transparent&autoplay=0&amp;rel=0&amp;showinfo=0\" width=\"600\" height=\"350\" allowfullscreen allow=\"autoplay; clipboard-write; encrypted-media; gyroscope; picture-in-picture;\"><\/iframe><\/div><\/div><\/div><div class=\"fusion-clearfix\"><\/div><\/div><\/div><div class=\"fusion-layout-column fusion_builder_column fusion-builder-column-12 fusion_builder_column_3_4 3_4 fusion-three-fourth fusion-column-first\" style=\"--awb-bg-color:#fffffrgba(255, 255, 255, 0.8);--awb-bg-color-hover:#fffffrgba(255, 255, 255, 0.8);--awb-bg-size:cover;width:74%; margin-right: 4%;\"><div class=\"fusion-column-wrapper fusion-flex-column-wrapper-legacy\"><div class=\"fusion-sep-clear\"><\/div><div class=\"fusion-separator fusion-full-width-sep\" style=\"margin-left: auto;margin-right: auto;margin-top:30px;width:100%;\"><\/div><div class=\"fusion-sep-clear\"><\/div><div class=\"fusion-sep-clear\"><\/div><div class=\"fusion-separator fusion-full-width-sep\" style=\"margin-left: auto;margin-right: auto;width:100%;\"><\/div><div class=\"fusion-sep-clear\"><\/div><div class=\"fusion-clearfix\"><\/div><\/div><\/div><div class=\"fusion-layout-column fusion_builder_column fusion-builder-column-13 fusion_builder_column_1_4 1_4 fusion-one-fourth fusion-column-last\" style=\"--awb-bg-size:cover;\"><div class=\"fusion-column-wrapper fusion-flex-column-wrapper-legacy\"><div class=\"fusion-image-element fusion-image-align-right in-legacy-container\" style=\"text-align:right;--awb-caption-title-font-family:var(--h2_typography-font-family);--awb-caption-title-font-weight:var(--h2_typography-font-weight);--awb-caption-title-font-style:var(--h2_typography-font-style);--awb-caption-title-size:var(--h2_typography-font-size);--awb-caption-title-transform:var(--h2_typography-text-transform);--awb-caption-title-line-height:var(--h2_typography-line-height);--awb-caption-title-letter-spacing:var(--h2_typography-letter-spacing);\"><span class=\" fusion-imageframe imageframe-none imageframe-6 hover-type-none\" style=\"margin-left:25px;float:right;\"><img decoding=\"async\" width=\"500\" height=\"343\" title=\"we_free_nb_7\" src=\"https:\/\/alexandresaada.com\/smartphones_tablets\/wp-content\/uploads\/2016\/11\/we_free_nb_7.jpg\" alt class=\"img-responsive wp-image-905\" srcset=\"https:\/\/alexandresaada.com\/smartphones_tablets\/wp-content\/uploads\/2016\/11\/we_free_nb_7-200x137.jpg 200w, https:\/\/alexandresaada.com\/smartphones_tablets\/wp-content\/uploads\/2016\/11\/we_free_nb_7-400x274.jpg 400w, https:\/\/alexandresaada.com\/smartphones_tablets\/wp-content\/uploads\/2016\/11\/we_free_nb_7.jpg 500w\" sizes=\"(max-width: 800px) 100vw, 500px\" \/><\/span><\/div><div class=\"fusion-clearfix\"><\/div><\/div><\/div><\/div><\/div><\/p>\n","protected":false},"excerpt":{"rendered":"","protected":false},"author":1,"featured_media":0,"parent":0,"menu_order":0,"comment_status":"closed","ping_status":"closed","template":"100-width.php","meta":{"footnotes":""},"class_list":["post-894","page","type-page","status-publish","hentry"],"aioseo_notices":[],"_links":{"self":[{"href":"https:\/\/alexandresaada.com\/smartphones_tablets\/wp-json\/wp\/v2\/pages\/894","targetHints":{"allow":["GET"]}}],"collection":[{"href":"https:\/\/alexandresaada.com\/smartphones_tablets\/wp-json\/wp\/v2\/pages"}],"about":[{"href":"https:\/\/alexandresaada.com\/smartphones_tablets\/wp-json\/wp\/v2\/types\/page"}],"author":[{"embeddable":true,"href":"https:\/\/alexandresaada.com\/smartphones_tablets\/wp-json\/wp\/v2\/users\/1"}],"replies":[{"embeddable":true,"href":"https:\/\/alexandresaada.com\/smartphones_tablets\/wp-json\/wp\/v2\/comments?post=894"}],"version-history":[{"count":55,"href":"https:\/\/alexandresaada.com\/smartphones_tablets\/wp-json\/wp\/v2\/pages\/894\/revisions"}],"predecessor-version":[{"id":1228,"href":"https:\/\/alexandresaada.com\/smartphones_tablets\/wp-json\/wp\/v2\/pages\/894\/revisions\/1228"}],"wp:attachment":[{"href":"https:\/\/alexandresaada.com\/smartphones_tablets\/wp-json\/wp\/v2\/media?parent=894"}],"curies":[{"name":"wp","href":"https:\/\/api.w.org\/{rel}","templated":true}]}}