{"id":1239,"date":"2020-06-04T12:10:10","date_gmt":"2020-06-04T11:10:10","guid":{"rendered":"https:\/\/alexandresaada.com\/smartphones_tablets\/?page_id=1239"},"modified":"2024-05-29T20:15:22","modified_gmt":"2024-05-29T19:15:22","slug":"presse-songs-for-a-flying-man","status":"publish","type":"page","link":"https:\/\/alexandresaada.com\/smartphones_tablets\/presse-songs-for-a-flying-man\/","title":{"rendered":"Presse &#8211; Songs for a Flying Man"},"content":{"rendered":"<p><div class=\"fusion-fullwidth fullwidth-box fusion-builder-row-1 has-pattern-background has-mask-background nonhundred-percent-fullwidth non-hundred-percent-height-scrolling\" style=\"--awb-border-sizes-top:0px;--awb-border-sizes-bottom:0px;--awb-border-sizes-left:0px;--awb-border-sizes-right:0px;--awb-border-radius-top-left:0px;--awb-border-radius-top-right:0px;--awb-border-radius-bottom-right:0px;--awb-border-radius-bottom-left:0px;--awb-padding-top:20px;--awb-padding-bottom:20px;--awb-flex-wrap:wrap;\" ><div class=\"fusion-builder-row fusion-row\"><div class=\"fusion-layout-column fusion_builder_column fusion-builder-column-0 fusion_builder_column_1_4 1_4 fusion-one-fourth fusion-column-first\" style=\"--awb-bg-size:cover;width:25%;width:calc(25% - ( ( 4% ) * 0.25 ) );margin-right: 4%;\" data-scroll-devices=\"small-visibility,medium-visibility,large-visibility\"><div class=\"fusion-column-wrapper fusion-column-has-shadow fusion-flex-column-wrapper-legacy\"><div class=\"fusion-text fusion-text-1\"><p><img decoding=\"async\" class=\"wp-image-1379 size-full aligncenter\" src=\"https:\/\/alexandresaada.com\/smartphones_tablets\/wp-content\/uploads\/2024\/05\/son-du-monde.jpg\" alt=\"\" width=\"110\" height=\"110\" srcset=\"https:\/\/alexandresaada.com\/smartphones_tablets\/wp-content\/uploads\/2024\/05\/son-du-monde-66x66.jpg 66w, https:\/\/alexandresaada.com\/smartphones_tablets\/wp-content\/uploads\/2024\/05\/son-du-monde.jpg 110w\" sizes=\"(max-width: 110px) 100vw, 110px\" \/><\/p>\n<\/div><div class=\"fusion-clearfix\"><\/div><\/div><\/div><div class=\"fusion-layout-column fusion_builder_column fusion-builder-column-1 fusion_builder_column_2_3 2_3 fusion-two-third fusion-column-last\" style=\"--awb-bg-size:cover;width:66.666666666667%;width:calc(66.666666666667% - ( ( 4% ) * 0.66666666666667 ) );\" data-scroll-devices=\"small-visibility,medium-visibility,large-visibility\"><div class=\"fusion-column-wrapper fusion-column-has-shadow fusion-flex-column-wrapper-legacy\"><div class=\"fusion-text fusion-text-2\"><h3>ALEXANDRE SAADA \u2013 \u00ab SONGS FOR A FLYING MAN \u00bb<br \/>\nLE CHANT DES POSSIBLES<\/h3>\n<p><strong>PAR FRANCISCO CRUZ<\/strong><\/p>\n<p>D\u2019abord \u00e9tiquet\u00e9 \u00ab Pianiste pr\u00e9f\u00e9r\u00e9 des chanteuses \u00bb, tant son jeu mettait en relief des voix aussi diverses que celles de Malia, Martha Reeves (ex-Vandellas) ou Madeleine, c\u2019est pour ses qualit\u00e9s d\u2019improvisateur, notamment dans des projets solitaires aux fortes r\u00e9f\u00e9rences jazz, qu\u2019Alexandre Saada s\u2019est impos\u00e9.<\/p>\n<p class=\"p1\"><span class=\"s1\">Loin de se contenter de la reconnaissance de la critique et de ses pairs musiciens, le pianiste-jazzman bifurque et se met au chant. Se rappelant ses ann\u00e9es \u00ab\u00a0rock\u00a0\u00bb, il \u00e9voque un homme volant, pour enregistrer une ann\u00e9e durant des chansons \u00e9crites avec \u00e9motion et plaisir indubitable. L\u2019exercice n\u2019est pas \u00e9vident\u00a0: de grands jazzmen (Keith Jarrett entre autres) ont tent\u00e9 le pari vocal et se sont vite repris.<\/span><\/p>\n<p class=\"p1\"><span class=\"s1\">Ce recueil est le plus pop-folk-soul que l\u2019on aurait pu imaginer pour Saada. Aucune \u00ab\u00a0croonerie\u00a0\u00bb, mais des textes et m\u00e9lodies \u00e9crites et peaufin\u00e9es avec \u00e9l\u00e9gance et malice, sous l\u2019influence de Jim Morrison, Leonard Cohen, Tom Waits ou, encore, Cat Stevens. Des chansons en forme de s\u00e9quence introspective de recherche identitaire, o\u00f9 cohabitent le baroque, le jazz et le rock.\u00a0<\/span><\/p>\n<p class=\"p1\"><span class=\"s1\">La rencontre avec l\u2019auteure et chanteuse Melissa Bon fut d\u00e9terminante. Cons\u00e9quence imm\u00e9diate, cet album sort sur un label su\u00e9dois sp\u00e9cialis\u00e9 pop-indie et on y retrouve le pianiste-chanteur en compagnie de cinq femmes, dont un quatuor de chambre, puis un trio jazz\u2026 Un album pas \u00e9vident \u00e0 la premi\u00e8re \u00e9coute, mais qui s\u00e9duit lentement, jou\u00e9 en famille, avec des amis, juste pour le plaisir\u2026 de fredonner un beau refrain, de danser aussi, sur \u00ab\u00a0My Land Is Your Soul\u00a0\u00bb ou d\u2019entonner une d\u00e9claration d\u2019amour \u00e0 \u00ab\u00a0Madirah Johnson\u00a0\u00bb qui enchante les enfants.<\/span><\/p>\n<\/div><div class=\"fusion-clearfix\"><\/div><\/div><\/div><div class=\"fusion-layout-column fusion_builder_column fusion-builder-column-2 fusion_builder_column_1_1 1_1 fusion-one-full fusion-column-first fusion-column-last\" style=\"--awb-bg-size:cover;\"><div class=\"fusion-column-wrapper fusion-column-has-shadow fusion-flex-column-wrapper-legacy\"><div class=\"fusion-sep-clear\"><\/div><div class=\"fusion-separator fusion-full-width-sep\" style=\"margin-left: auto;margin-right: auto;width:100%;\"><div class=\"fusion-separator-border sep-shadow\" style=\"--awb-height:20px;--awb-amount:20px;background:radial-gradient(ellipse at 50% -50% , #e0dede 0px, rgba(255, 255, 255, 0) 80%) repeat scroll 0 0 rgba(0, 0, 0, 0);background:-webkit-radial-gradient(ellipse at 50% -50% , #e0dede 0px, rgba(255, 255, 255, 0) 80%) repeat scroll 0 0 rgba(0, 0, 0, 0);background:-moz-radial-gradient(ellipse at 50% -50% , #e0dede 0px, rgba(255, 255, 255, 0) 80%) repeat scroll 0 0 rgba(0, 0, 0, 0);background:-o-radial-gradient(ellipse at 50% -50% , #e0dede 0px, rgba(255, 255, 255, 0) 80%) repeat scroll 0 0 rgba(0, 0, 0, 0);\"><\/div><\/div><div class=\"fusion-sep-clear\"><\/div><div class=\"fusion-clearfix\"><\/div><\/div><\/div><\/div><\/div><div class=\"fusion-fullwidth fullwidth-box fusion-builder-row-2 has-pattern-background has-mask-background nonhundred-percent-fullwidth non-hundred-percent-height-scrolling\" style=\"--awb-border-sizes-top:0px;--awb-border-sizes-bottom:0px;--awb-border-sizes-left:0px;--awb-border-sizes-right:0px;--awb-border-radius-top-left:0px;--awb-border-radius-top-right:0px;--awb-border-radius-bottom-right:0px;--awb-border-radius-bottom-left:0px;--awb-padding-top:20px;--awb-padding-bottom:30%;--awb-flex-wrap:wrap;\" ><div class=\"fusion-builder-row fusion-row\"><div class=\"fusion-layout-column fusion_builder_column fusion-builder-column-3 fusion_builder_column_1_4 1_4 fusion-one-fourth fusion-column-first\" style=\"--awb-bg-size:cover;width:25%;width:calc(25% - ( ( 4% ) * 0.25 ) );margin-right: 4%;\"><div class=\"fusion-column-wrapper fusion-column-has-shadow fusion-flex-column-wrapper-legacy\"><div class=\"fusion-text fusion-text-3\"><p><img decoding=\"async\" class=\"aligncenter wp-image-1245 size-fusion-200\" src=\"https:\/\/alexandresaada.com\/smartphones_tablets\/wp-content\/uploads\/2020\/06\/Tower_Records-200x41.jpg\" alt=\"\" width=\"200\" height=\"41\" srcset=\"https:\/\/alexandresaada.com\/smartphones_tablets\/wp-content\/uploads\/2020\/06\/Tower_Records-200x41.jpg 200w, https:\/\/alexandresaada.com\/smartphones_tablets\/wp-content\/uploads\/2020\/06\/Tower_Records.jpg 300w\" sizes=\"(max-width: 200px) 100vw, 200px\" \/><\/p>\n<\/div><div class=\"fusion-clearfix\"><\/div><\/div><\/div><div class=\"fusion-layout-column fusion_builder_column fusion-builder-column-4 fusion_builder_column_2_3 2_3 fusion-two-third fusion-column-last\" style=\"--awb-bg-size:cover;width:66.666666666667%;width:calc(66.666666666667% - ( ( 4% ) * 0.66666666666667 ) );\"><div class=\"fusion-column-wrapper fusion-column-has-shadow fusion-flex-column-wrapper-legacy\"><div class=\"fusion-text fusion-text-4\"><p><a href=\"https:\/\/towerrecords.com\/blogs\/news\/sending-good-vibes-with-alexandre-saada-and-songs-for-a-flying-man?fbclid=IwAR28HPBwgacBKtHyza0-LEnTLkgu3d4vCn5zGI9AXDc0TQourSgcQmwaa1U\" target=\"_blank\" rel=\"noopener noreferrer\">\u00ab Sending good vibes with Alexandre Saada and <em>Songs for a Flying Man<\/em> \u00bb, Interview by Whitney Moore<\/a><\/p>\n<\/div><div class=\"fusion-clearfix\"><\/div><\/div><\/div><div class=\"fusion-layout-column fusion_builder_column fusion-builder-column-5 fusion_builder_column_1_1 1_1 fusion-one-full fusion-column-first fusion-column-last\" style=\"--awb-bg-size:cover;--awb-margin-bottom:0px;\" data-scroll-devices=\"small-visibility,medium-visibility,large-visibility\"><div class=\"fusion-column-wrapper fusion-column-has-shadow fusion-flex-column-wrapper-legacy\"><div class=\"fusion-sep-clear\"><\/div><div class=\"fusion-separator fusion-full-width-sep\" style=\"margin-left: auto;margin-right: auto;width:100%;\"><div class=\"fusion-separator-border sep-shadow\" style=\"--awb-height:20px;--awb-amount:20px;background:radial-gradient(ellipse at 50% -50% , #e0dede 0px, rgba(255, 255, 255, 0) 80%) repeat scroll 0 0 rgba(0, 0, 0, 0);background:-webkit-radial-gradient(ellipse at 50% -50% , #e0dede 0px, rgba(255, 255, 255, 0) 80%) repeat scroll 0 0 rgba(0, 0, 0, 0);background:-moz-radial-gradient(ellipse at 50% -50% , #e0dede 0px, rgba(255, 255, 255, 0) 80%) repeat scroll 0 0 rgba(0, 0, 0, 0);background:-o-radial-gradient(ellipse at 50% -50% , #e0dede 0px, rgba(255, 255, 255, 0) 80%) repeat scroll 0 0 rgba(0, 0, 0, 0);\"><\/div><\/div><div class=\"fusion-sep-clear\"><\/div><div class=\"fusion-clearfix\"><\/div><\/div><\/div><\/div><\/div><\/p>\n","protected":false},"excerpt":{"rendered":"","protected":false},"author":1,"featured_media":0,"parent":0,"menu_order":0,"comment_status":"closed","ping_status":"closed","template":"100-width.php","meta":{"footnotes":""},"class_list":["post-1239","page","type-page","status-publish","hentry"],"aioseo_notices":[],"_links":{"self":[{"href":"https:\/\/alexandresaada.com\/smartphones_tablets\/wp-json\/wp\/v2\/pages\/1239","targetHints":{"allow":["GET"]}}],"collection":[{"href":"https:\/\/alexandresaada.com\/smartphones_tablets\/wp-json\/wp\/v2\/pages"}],"about":[{"href":"https:\/\/alexandresaada.com\/smartphones_tablets\/wp-json\/wp\/v2\/types\/page"}],"author":[{"embeddable":true,"href":"https:\/\/alexandresaada.com\/smartphones_tablets\/wp-json\/wp\/v2\/users\/1"}],"replies":[{"embeddable":true,"href":"https:\/\/alexandresaada.com\/smartphones_tablets\/wp-json\/wp\/v2\/comments?post=1239"}],"version-history":[{"count":27,"href":"https:\/\/alexandresaada.com\/smartphones_tablets\/wp-json\/wp\/v2\/pages\/1239\/revisions"}],"predecessor-version":[{"id":1440,"href":"https:\/\/alexandresaada.com\/smartphones_tablets\/wp-json\/wp\/v2\/pages\/1239\/revisions\/1440"}],"wp:attachment":[{"href":"https:\/\/alexandresaada.com\/smartphones_tablets\/wp-json\/wp\/v2\/media?parent=1239"}],"curies":[{"name":"wp","href":"https:\/\/api.w.org\/{rel}","templated":true}]}}