{"id":1071,"date":"2019-01-13T21:10:46","date_gmt":"2019-01-13T20:10:46","guid":{"rendered":"http:\/\/alexandresaada.com\/smartphones_tablets\/?page_id=1071"},"modified":"2024-05-29T17:08:00","modified_gmt":"2024-05-29T16:08:00","slug":"musique-a-limage","status":"publish","type":"page","link":"https:\/\/alexandresaada.com\/smartphones_tablets\/musique-a-limage\/","title":{"rendered":"Musique \u00e0 l&rsquo;image"},"content":{"rendered":"<div class=\"fusion-fullwidth fullwidth-box fusion-builder-row-1 fusion-parallax-fixed nonhundred-percent-fullwidth non-hundred-percent-height-scrolling\" style=\"--awb-background-position:center top;--awb-border-radius-top-left:0px;--awb-border-radius-top-right:0px;--awb-border-radius-bottom-right:0px;--awb-border-radius-bottom-left:0px;--awb-background-image:url(&quot;https:\/\/alexandresaada.com\/smartphones_tablets\/wp-content\/uploads\/2016\/01\/vieilleTele_1400.jpg&quot;);--awb-background-size:cover;--awb-flex-wrap:wrap;background-attachment:fixed;\" ><div class=\"fusion-builder-row fusion-row\"><div class=\"fusion-layout-column fusion_builder_column fusion-builder-column-0 fusion_builder_column_1_3 1_3 fusion-one-third fusion-column-first\" style=\"--awb-bg-color:rgba(0,0,0,0);--awb-bg-color-hover:rgba(0,0,0,0);--awb-bg-size:cover;width:33.333333333333%;width:calc(33.333333333333% - ( ( 4% + 4% ) * 0.33333333333333 ) );margin-right: 4%;\"><div class=\"fusion-column-wrapper fusion-flex-column-wrapper-legacy\"><div class=\"fusion-image-element in-legacy-container\" style=\"--awb-caption-title-font-family:var(--h2_typography-font-family);--awb-caption-title-font-weight:var(--h2_typography-font-weight);--awb-caption-title-font-style:var(--h2_typography-font-style);--awb-caption-title-size:var(--h2_typography-font-size);--awb-caption-title-transform:var(--h2_typography-text-transform);--awb-caption-title-line-height:var(--h2_typography-line-height);--awb-caption-title-letter-spacing:var(--h2_typography-letter-spacing);\"><span class=\" fusion-imageframe imageframe-none imageframe-1 hover-type-none\"><img decoding=\"async\" width=\"197\" height=\"260\" title=\"YOUSSEF-SALEM-A-DU-SUCCES\" src=\"https:\/\/alexandresaada.com\/smartphones_tablets\/wp-content\/uploads\/2024\/05\/YOUSSEF-SALEM-A-DU-SUCCES.jpg\" alt class=\"img-responsive wp-image-1420\"\/><\/span><\/div><div class=\"fusion-sep-clear\"><\/div><div class=\"fusion-separator fusion-full-width-sep\" style=\"margin-left: auto;margin-right: auto;margin-top:10px;width:100%;\"><\/div><div class=\"fusion-sep-clear\"><\/div><div class=\"fusion-text fusion-text-1\"><h2><span style=\"color: #ffffff;\">Youssef Salem a du succe\u0300s<\/span><\/h2>\n<p><span style=\"color: #ffffff;\">Fiction \/ R\u00e9alis\u00e9 par Baya Kasmi<br \/>\n<\/span><\/p>\n<p><span style=\"color: #ffffff;\">Youssef Salem, 45 ans, a toujours r\u00e9ussi \u00e0 rater sa carri\u00e8re d\u2019\u00e9crivain. Mais les ennuis commencent lorsque son nouveau roman rencontre le succ\u00e8s car Youssef n\u2019a pas pu s\u2019emp\u00eacher de s\u2019inspirer des siens, pour le meilleur, et surtout pour le pire. Il doit maintenant \u00e9viter \u00e0 tout prix que son livre ne tombe entre les mains de sa famille\u2026<\/span><\/p>\n<p><span style=\"color: #ffffff;\">2023<\/span><\/p>\n<\/div><div class=\"fusion-sep-clear\"><\/div><div class=\"fusion-separator fusion-full-width-sep\" style=\"margin-left: auto;margin-right: auto;width:100%;\"><\/div><div class=\"fusion-sep-clear\"><\/div><div class=\"fusion-text fusion-text-2\"><p><!--[if lt IE 9]><script>document.createElement('audio');<\/script><![endif]-->\n<audio class=\"wp-audio-shortcode\" id=\"audio-1071-1\" preload=\"none\" style=\"width: 100%;\" controls=\"controls\"><source type=\"audio\/mpeg\" src=\"https:\/\/alexandresaada.com\/smartphones_tablets\/wp-content\/uploads\/2024\/05\/Youssef-Salem-a-du-succes-Le-choc-toxique.mp3?_=1\" \/><a href=\"https:\/\/alexandresaada.com\/smartphones_tablets\/wp-content\/uploads\/2024\/05\/Youssef-Salem-a-du-succes-Le-choc-toxique.mp3\">https:\/\/alexandresaada.com\/smartphones_tablets\/wp-content\/uploads\/2024\/05\/Youssef-Salem-a-du-succes-Le-choc-toxique.mp3<\/a><\/audio>\n<audio class=\"wp-audio-shortcode\" id=\"audio-1071-2\" preload=\"none\" style=\"width: 100%;\" controls=\"controls\"><source type=\"audio\/mpeg\" src=\"https:\/\/alexandresaada.com\/smartphones_tablets\/wp-content\/uploads\/2024\/05\/Youssef-Salem-a-du-succes-Generique-de-fin.mp3?_=2\" \/><a href=\"https:\/\/alexandresaada.com\/smartphones_tablets\/wp-content\/uploads\/2024\/05\/Youssef-Salem-a-du-succes-Generique-de-fin.mp3\">https:\/\/alexandresaada.com\/smartphones_tablets\/wp-content\/uploads\/2024\/05\/Youssef-Salem-a-du-succes-Generique-de-fin.mp3<\/a><\/audio><\/p>\n<\/div><div class=\"fusion-sep-clear\"><\/div><div class=\"fusion-separator fusion-full-width-sep\" style=\"margin-left: auto;margin-right: auto;margin-top:10px;width:100%;\"><\/div><div class=\"fusion-sep-clear\"><\/div><div class=\"fusion-clearfix\"><\/div><\/div><\/div><div class=\"fusion-layout-column fusion_builder_column fusion-builder-column-1 fusion_builder_column_1_3 1_3 fusion-one-third\" style=\"--awb-bg-color:rgba(0,0,0,0);--awb-bg-color-hover:rgba(0,0,0,0);--awb-bg-size:cover;width:33.333333333333%;width:calc(33.333333333333% - ( ( 4% + 4% ) * 0.33333333333333 ) );margin-right: 4%;\"><div class=\"fusion-column-wrapper fusion-flex-column-wrapper-legacy\"><div class=\"fusion-image-element in-legacy-container\" style=\"--awb-caption-title-font-family:var(--h2_typography-font-family);--awb-caption-title-font-weight:var(--h2_typography-font-weight);--awb-caption-title-font-style:var(--h2_typography-font-style);--awb-caption-title-size:var(--h2_typography-font-size);--awb-caption-title-transform:var(--h2_typography-text-transform);--awb-caption-title-line-height:var(--h2_typography-line-height);--awb-caption-title-letter-spacing:var(--h2_typography-letter-spacing);\"><span class=\" fusion-imageframe imageframe-none imageframe-2 hover-type-none\"><img decoding=\"async\" width=\"191\" height=\"260\" title=\"antisquat\" src=\"https:\/\/alexandresaada.com\/smartphones_tablets\/wp-content\/uploads\/2024\/05\/antisquat.jpg\" alt class=\"img-responsive wp-image-1426\"\/><\/span><\/div><div class=\"fusion-sep-clear\"><\/div><div class=\"fusion-separator fusion-full-width-sep\" style=\"margin-left: auto;margin-right: auto;margin-top:10px;width:100%;\"><\/div><div class=\"fusion-sep-clear\"><\/div><div class=\"fusion-text fusion-text-3\"><h2><span style=\"color: #ffffff;\">Anti squat<\/span><\/h2>\n<p><span style=\"color: #ffffff;\">Fiction \/ R\u00e9alis\u00e9 par Nicolas Silhol<br \/>\n<\/span><\/p>\n<p><span style=\"color: #ffffff;\">In\u00e8s est menac\u00e9e de se faire expulser de chez elle avec Adam, son fils de 14 ans. A la recherche d\u2019un emploi, elle est prise \u00e0 l\u2019essai chez Anti-Squat, une soci\u00e9t\u00e9 qui loge des personnes dans des bureaux inoccup\u00e9s pour les prot\u00e9ger contre les squatteurs. Son r\u00f4le : recruter les r\u00e9sidents et faire respecter un r\u00e8glement tr\u00e8s strict. In\u00e8s est pr\u00eate \u00e0 tout pour se faire embaucher et s\u2019en sortir avec Adam. Mais jusqu\u2019o\u00f9 ira-t-elle ?<\/span><\/p>\n<p><span style=\"color: #ffffff;\">Kazak Productions \/ 2023<\/span><\/p>\n<\/div><div class=\"fusion-sep-clear\"><\/div><div class=\"fusion-separator fusion-full-width-sep\" style=\"margin-left: auto;margin-right: auto;width:100%;\"><\/div><div class=\"fusion-sep-clear\"><\/div><div class=\"fusion-text fusion-text-4\"><audio class=\"wp-audio-shortcode\" id=\"audio-1071-3\" preload=\"none\" style=\"width: 100%;\" controls=\"controls\"><source type=\"audio\/mpeg\" src=\"https:\/\/alexandresaada.com\/smartphones_tablets\/wp-content\/uploads\/2024\/05\/Anti-squat.mp3?_=3\" \/><a href=\"https:\/\/alexandresaada.com\/smartphones_tablets\/wp-content\/uploads\/2024\/05\/Anti-squat.mp3\">https:\/\/alexandresaada.com\/smartphones_tablets\/wp-content\/uploads\/2024\/05\/Anti-squat.mp3<\/a><\/audio>\n<\/div><div class=\"fusion-sep-clear\"><\/div><div class=\"fusion-separator fusion-full-width-sep\" style=\"margin-left: auto;margin-right: auto;margin-top:10px;width:100%;\"><\/div><div class=\"fusion-sep-clear\"><\/div><div class=\"fusion-clearfix\"><\/div><\/div><\/div><div class=\"fusion-layout-column fusion_builder_column fusion-builder-column-2 fusion_builder_column_1_3 1_3 fusion-one-third fusion-column-last\" style=\"--awb-bg-size:cover;width:33.333333333333%;width:calc(33.333333333333% - ( ( 4% + 4% ) * 0.33333333333333 ) );\"><div class=\"fusion-column-wrapper fusion-column-has-shadow fusion-flex-column-wrapper-legacy\"><div class=\"fusion-sep-clear\"><\/div><div class=\"fusion-separator fusion-full-width-sep\" style=\"margin-left: auto;margin-right: auto;margin-top:20px;width:100%;\"><\/div><div class=\"fusion-sep-clear\"><\/div><div class=\"fusion-text fusion-text-5\"><h2><span style=\"color: #ffffff;\">Incandescence<\/span><\/h2>\n<div id=\"watch-description\" class=\"yt-uix-button-panel\">\n<div id=\"watch-description-content\">\n<div id=\"watch-description-clip\">\n<div id=\"watch-description-text\" class=\"\">\n<p id=\"eow-description\"><span style=\"color: #ffffff;\">Le film Incandescence m&rsquo;a \u00e9t\u00e9 command\u00e9 par le plasticien-designer lumi\u00e8re Beno\u00eet Lalloz pour illustrer le processus de cr\u00e9ation d&rsquo;une lampe \u00e0 globe g\u00e9od\u00e9sique.<\/span><\/p>\n<\/div>\n<div id=\"watch-description-extras\"><\/div>\n<\/div>\n<\/div>\n<\/div>\n<\/div><div class=\"fusion-video fusion-youtube\" style=\"--awb-max-width:600px;--awb-max-height:360px;\"><div class=\"video-shortcode\"><div class=\"fluid-width-video-wrapper\" style=\"padding-top:60%;\" ><iframe title=\"YouTube video player 1\" src=\"https:\/\/www.youtube.com\/embed\/PedCf9dlI0U?wmode=transparent&autoplay=0 &amp;rel=0&amp;showinfo=0\" width=\"600\" height=\"360\" allowfullscreen allow=\"autoplay; clipboard-write; encrypted-media; gyroscope; picture-in-picture;\"><\/iframe><\/div><\/div><\/div><div class=\"fusion-sep-clear\"><\/div><div class=\"fusion-separator fusion-full-width-sep\" style=\"margin-left: auto;margin-right: auto;margin-bottom:20px;width:100%;\"><\/div><div class=\"fusion-sep-clear\"><\/div><div class=\"fusion-clearfix\"><\/div><\/div><\/div><div class=\"fusion-layout-column fusion_builder_column fusion-builder-column-3 fusion_builder_column_1_3 1_3 fusion-one-third fusion-column-first\" style=\"--awb-bg-size:cover;width:33.333333333333%;width:calc(33.333333333333% - ( ( 4% + 4% ) * 0.33333333333333 ) );margin-right: 4%;\"><div class=\"fusion-column-wrapper fusion-flex-column-wrapper-legacy\"><div class=\"fusion-image-element in-legacy-container\" style=\"--awb-caption-title-font-family:var(--h2_typography-font-family);--awb-caption-title-font-weight:var(--h2_typography-font-weight);--awb-caption-title-font-style:var(--h2_typography-font-style);--awb-caption-title-size:var(--h2_typography-font-size);--awb-caption-title-transform:var(--h2_typography-text-transform);--awb-caption-title-line-height:var(--h2_typography-line-height);--awb-caption-title-letter-spacing:var(--h2_typography-letter-spacing);\"><span class=\" fusion-imageframe imageframe-none imageframe-3 hover-type-none\"><img decoding=\"async\" width=\"193\" height=\"262\" title=\"corporate\" src=\"https:\/\/alexandresaada.com\/smartphones_tablets\/wp-content\/uploads\/2019\/01\/corporate.jpeg\" alt class=\"img-responsive wp-image-1072\"\/><\/span><\/div><div class=\"fusion-sep-clear\"><\/div><div class=\"fusion-separator fusion-full-width-sep\" style=\"margin-left: auto;margin-right: auto;margin-top:10px;width:100%;\"><\/div><div class=\"fusion-sep-clear\"><\/div><div class=\"fusion-text fusion-text-6\"><h2><span style=\"color: #ffffff;\">CORPORATE<\/span><\/h2>\n<p><span style=\"color: #ffffff;\">Fiction \/ R\u00e9alis\u00e9 par Nicolas Silhol<\/span><\/p>\n<p><span style=\"color: #ffffff;\">Emilie Tesson-Hansen est une jeune et brillante responsable des Ressources Humaines, une \u00ab\u00a0killeuse\u00a0\u00bb. Suite \u00e0 un drame dans son entreprise, une enqu\u00eate est ouverte. Elle se retrouve en premi\u00e8re ligne. Elle doit faire face \u00e0 la pression de l\u2019inspectrice du travail, mais aussi \u00e0 sa hi\u00e9rarchie qui menace de se retourner contre elle. Emilie est bien d\u00e9cid\u00e9e \u00e0 sauver sa peau. Jusqu\u2019o\u00f9 restera-t-elle corporate\u00a0?<\/span><\/p>\n<p><span style=\"color: #ffffff;\">Musique originale co-compos\u00e9e avec Mike et Fabien Kourtzer<\/span><\/p>\n<p><span style=\"color: #ffffff;\">Kazak Production, Diaphana \/ 2016<\/span><\/p>\n<\/div><div class=\"fusion-sep-clear\"><\/div><div class=\"fusion-separator fusion-full-width-sep\" style=\"margin-left: auto;margin-right: auto;width:100%;\"><\/div><div class=\"fusion-sep-clear\"><\/div><div class=\"fusion-video fusion-youtube\" style=\"--awb-max-width:600px;--awb-max-height:360px;\"><div class=\"video-shortcode\"><div class=\"fluid-width-video-wrapper\" style=\"padding-top:60%;\" ><iframe title=\"YouTube video player 2\" src=\"https:\/\/www.youtube.com\/embed\/GjL_4FF0-Yo?wmode=transparent&autoplay=0\" width=\"600\" height=\"360\" allowfullscreen allow=\"autoplay; clipboard-write; encrypted-media; gyroscope; picture-in-picture;\"><\/iframe><\/div><\/div><\/div><div class=\"fusion-sep-clear\"><\/div><div class=\"fusion-separator fusion-full-width-sep\" style=\"margin-left: auto;margin-right: auto;width:100%;\"><\/div><div class=\"fusion-sep-clear\"><\/div><div class=\"fusion-text fusion-text-7\"><p><audio class=\"wp-audio-shortcode\" id=\"audio-1071-4\" preload=\"none\" style=\"width: 100%;\" controls=\"controls\"><source type=\"audio\/wav\" src=\"https:\/\/alexandresaada.com\/smartphones_tablets\/wp-content\/uploads\/2019\/01\/CORPORATE-7.-Theme-Emilie.wav?_=4\" \/><a href=\"https:\/\/alexandresaada.com\/smartphones_tablets\/wp-content\/uploads\/2019\/01\/CORPORATE-7.-Theme-Emilie.wav\">https:\/\/alexandresaada.com\/smartphones_tablets\/wp-content\/uploads\/2019\/01\/CORPORATE-7.-Theme-Emilie.wav<\/a><\/audio>\n<audio class=\"wp-audio-shortcode\" id=\"audio-1071-5\" preload=\"none\" style=\"width: 100%;\" controls=\"controls\"><source type=\"audio\/wav\" src=\"https:\/\/alexandresaada.com\/smartphones_tablets\/wp-content\/uploads\/2019\/01\/CORPORATE-11.-La-video.wav?_=5\" \/><a href=\"https:\/\/alexandresaada.com\/smartphones_tablets\/wp-content\/uploads\/2019\/01\/CORPORATE-11.-La-video.wav\">https:\/\/alexandresaada.com\/smartphones_tablets\/wp-content\/uploads\/2019\/01\/CORPORATE-11.-La-video.wav<\/a><\/audio>\n<audio class=\"wp-audio-shortcode\" id=\"audio-1071-6\" preload=\"none\" style=\"width: 100%;\" controls=\"controls\"><source type=\"audio\/mpeg\" src=\"https:\/\/alexandresaada.com\/smartphones_tablets\/wp-content\/uploads\/2019\/01\/CORPORATE-13.-G\u00e9n\u00e9rique-de-fin-1.mp3?_=6\" \/><a href=\"https:\/\/alexandresaada.com\/smartphones_tablets\/wp-content\/uploads\/2019\/01\/CORPORATE-13.-G\u00e9n\u00e9rique-de-fin-1.mp3\">https:\/\/alexandresaada.com\/smartphones_tablets\/wp-content\/uploads\/2019\/01\/CORPORATE-13.-G\u00e9n\u00e9rique-de-fin-1.mp3<\/a><\/audio><\/p>\n<\/div><div class=\"fusion-clearfix\"><\/div><\/div><\/div><div class=\"fusion-layout-column fusion_builder_column fusion-builder-column-4 fusion_builder_column_1_3 1_3 fusion-one-third\" style=\"--awb-bg-color:rgba(0,0,0,0);--awb-bg-color-hover:rgba(0,0,0,0);--awb-bg-size:cover;width:33.333333333333%;width:calc(33.333333333333% - ( ( 4% + 4% ) * 0.33333333333333 ) );margin-right: 4%;\"><div class=\"fusion-column-wrapper fusion-flex-column-wrapper-legacy\"><div class=\"fusion-image-element in-legacy-container\" style=\"--awb-caption-title-font-family:var(--h2_typography-font-family);--awb-caption-title-font-weight:var(--h2_typography-font-weight);--awb-caption-title-font-style:var(--h2_typography-font-style);--awb-caption-title-size:var(--h2_typography-font-size);--awb-caption-title-transform:var(--h2_typography-text-transform);--awb-caption-title-line-height:var(--h2_typography-line-height);--awb-caption-title-letter-spacing:var(--h2_typography-letter-spacing);\"><span class=\" fusion-imageframe imageframe-none imageframe-4 hover-type-none\"><img decoding=\"async\" width=\"194\" height=\"259\" title=\"elephants\" src=\"https:\/\/alexandresaada.com\/smartphones_tablets\/wp-content\/uploads\/2019\/01\/elephants.jpeg\" alt class=\"img-responsive wp-image-1073\"\/><\/span><\/div><div class=\"fusion-sep-clear\"><\/div><div class=\"fusion-separator fusion-full-width-sep\" style=\"margin-left: auto;margin-right: auto;margin-top:10px;width:100%;\"><\/div><div class=\"fusion-sep-clear\"><\/div><div class=\"fusion-text fusion-text-8\"><h2><span style=\"color: #ffffff;\">LES ELEPHANTS<\/span><\/h2>\n<p><span style=\"color: #ffffff;\">Fiction \/ R\u00e9alis\u00e9 par Emmanuel Saada<\/span><\/p>\n<p><span style=\"color: #ffffff;\">Les destins enlac\u00e9s d&rsquo;une poign\u00e9e de quadra-trentenaires d\u00e9vor\u00e9s par la vie. Un regard po\u00e9tique et attentif sur leurs relations affectives qui s&rsquo;\u00e9crivent au rythme de leur cheminement, en filigrane. Un film choral qui s&rsquo;attache aux \u00eatres, aux moments de silence et aux turbulences du destin.<\/span><\/p>\n<p><span style=\"color: #ffffff;\">La Vingt Cinqui\u00e8me Heure \/ 2013<\/span><\/p>\n<\/div><div class=\"fusion-sep-clear\"><\/div><div class=\"fusion-separator fusion-full-width-sep\" style=\"margin-left: auto;margin-right: auto;width:100%;\"><\/div><div class=\"fusion-sep-clear\"><\/div><div class=\"fusion-video fusion-youtube\" style=\"--awb-max-width:600px;--awb-max-height:360px;\"><div class=\"video-shortcode\"><div class=\"fluid-width-video-wrapper\" style=\"padding-top:60%;\" ><iframe title=\"YouTube video player 3\" src=\"https:\/\/www.youtube.com\/embed\/YhWUlfsgf4A?wmode=transparent&autoplay=0\" width=\"600\" height=\"360\" allowfullscreen allow=\"autoplay; clipboard-write; encrypted-media; gyroscope; picture-in-picture;\"><\/iframe><\/div><\/div><\/div><div class=\"fusion-sep-clear\"><\/div><div class=\"fusion-separator fusion-full-width-sep\" style=\"margin-left: auto;margin-right: auto;width:100%;\"><\/div><div class=\"fusion-sep-clear\"><\/div><div class=\"fusion-text fusion-text-9\"><p><audio class=\"wp-audio-shortcode\" id=\"audio-1071-7\" preload=\"none\" style=\"width: 100%;\" controls=\"controls\"><source type=\"audio\/mpeg\" src=\"https:\/\/alexandresaada.com\/smartphones_tablets\/wp-content\/uploads\/2019\/01\/01-Partir.m4a?_=7\" \/><a href=\"https:\/\/alexandresaada.com\/smartphones_tablets\/wp-content\/uploads\/2019\/01\/01-Partir.m4a\">https:\/\/alexandresaada.com\/smartphones_tablets\/wp-content\/uploads\/2019\/01\/01-Partir.m4a<\/a><\/audio>\n<audio class=\"wp-audio-shortcode\" id=\"audio-1071-8\" preload=\"none\" style=\"width: 100%;\" controls=\"controls\"><source type=\"audio\/mpeg\" src=\"https:\/\/alexandresaada.com\/smartphones_tablets\/wp-content\/uploads\/2019\/01\/02-Chez-Cathy.m4a?_=8\" \/><a href=\"https:\/\/alexandresaada.com\/smartphones_tablets\/wp-content\/uploads\/2019\/01\/02-Chez-Cathy.m4a\">https:\/\/alexandresaada.com\/smartphones_tablets\/wp-content\/uploads\/2019\/01\/02-Chez-Cathy.m4a<\/a><\/audio>\n<audio class=\"wp-audio-shortcode\" id=\"audio-1071-9\" preload=\"none\" style=\"width: 100%;\" controls=\"controls\"><source type=\"audio\/mpeg\" src=\"https:\/\/alexandresaada.com\/smartphones_tablets\/wp-content\/uploads\/2019\/01\/03-Mort-ou-pas.m4a?_=9\" \/><a href=\"https:\/\/alexandresaada.com\/smartphones_tablets\/wp-content\/uploads\/2019\/01\/03-Mort-ou-pas.m4a\">https:\/\/alexandresaada.com\/smartphones_tablets\/wp-content\/uploads\/2019\/01\/03-Mort-ou-pas.m4a<\/a><\/audio><\/p>\n<\/div><div class=\"fusion-clearfix\"><\/div><\/div><\/div><div class=\"fusion-layout-column fusion_builder_column fusion-builder-column-5 fusion_builder_column_1_3 1_3 fusion-one-third fusion-column-last\" style=\"--awb-bg-size:cover;width:33.333333333333%;width:calc(33.333333333333% - ( ( 4% + 4% ) * 0.33333333333333 ) );\"><div class=\"fusion-column-wrapper fusion-flex-column-wrapper-legacy\"><div class=\"fusion-image-element in-legacy-container\" style=\"--awb-caption-title-font-family:var(--h2_typography-font-family);--awb-caption-title-font-weight:var(--h2_typography-font-weight);--awb-caption-title-font-style:var(--h2_typography-font-style);--awb-caption-title-size:var(--h2_typography-font-size);--awb-caption-title-transform:var(--h2_typography-text-transform);--awb-caption-title-line-height:var(--h2_typography-line-height);--awb-caption-title-letter-spacing:var(--h2_typography-letter-spacing);\"><span class=\" fusion-imageframe imageframe-none imageframe-5 hover-type-none\"><img decoding=\"async\" width=\"259\" height=\"194\" title=\"femmes au bagne\" src=\"https:\/\/alexandresaada.com\/smartphones_tablets\/wp-content\/uploads\/2019\/01\/femmes-au-bagne.jpeg\" alt class=\"img-responsive wp-image-1095\" srcset=\"https:\/\/alexandresaada.com\/smartphones_tablets\/wp-content\/uploads\/2019\/01\/femmes-au-bagne-200x150.jpeg 200w, https:\/\/alexandresaada.com\/smartphones_tablets\/wp-content\/uploads\/2019\/01\/femmes-au-bagne.jpeg 259w\" sizes=\"(max-width: 800px) 100vw, 259px\" \/><\/span><\/div><div class=\"fusion-sep-clear\"><\/div><div class=\"fusion-separator fusion-full-width-sep\" style=\"margin-left: auto;margin-right: auto;margin-top:10px;width:100%;\"><\/div><div class=\"fusion-sep-clear\"><\/div><div class=\"fusion-text fusion-text-10\"><div class=\"fusion-text\">\n<h2><span style=\"color: #ffffff;\">FEMMES AU BAGNE<\/span><br \/>\n<span style=\"color: #ffffff;\">Les Oubli\u00e9es de l\u2019Histoire<\/span><\/h2>\n<p><span style=\"color: #ffffff;\">Documentaire \/ R\u00e9alis\u00e9 par H\u00e9l\u00e8ne Trigueros<\/span><\/p>\n<p><span style=\"color: #ffffff;\">Entre 1858 et 1905, la France a envoy\u00e9 2 000 femmes dans ses colonies p\u00e9nitentiaires de Guyane et de Nouvelle-Cal\u00e9donie. Ce documentaire donne vie \u00e0 ces grandes oubli\u00e9es de l\u2019Histoire.<\/span><\/p>\n<p><span style=\"color: #ffffff;\">France T\u00e9l\u00e9vision \/ 2018<\/span><\/p>\n<\/div>\n<div class=\"fusion-video fusion-youtube\">\n<div class=\"video-shortcode\"><\/div>\n<\/div>\n<\/div><div class=\"fusion-sep-clear\"><\/div><div class=\"fusion-separator fusion-full-width-sep\" style=\"margin-left: auto;margin-right: auto;width:100%;\"><\/div><div class=\"fusion-sep-clear\"><\/div><div class=\"fusion-sep-clear\"><\/div><div class=\"fusion-separator fusion-full-width-sep\" style=\"margin-left: auto;margin-right: auto;width:100%;\"><\/div><div class=\"fusion-sep-clear\"><\/div><div class=\"fusion-text fusion-text-11\"><p><audio class=\"wp-audio-shortcode\" id=\"audio-1071-10\" preload=\"none\" style=\"width: 100%;\" controls=\"controls\"><source type=\"audio\/mpeg\" src=\"https:\/\/alexandresaada.com\/smartphones_tablets\/wp-content\/uploads\/2019\/01\/Femmes-au-Bagne-1.-Le-couvent-1.mp3?_=10\" \/><a href=\"https:\/\/alexandresaada.com\/smartphones_tablets\/wp-content\/uploads\/2019\/01\/Femmes-au-Bagne-1.-Le-couvent-1.mp3\">https:\/\/alexandresaada.com\/smartphones_tablets\/wp-content\/uploads\/2019\/01\/Femmes-au-Bagne-1.-Le-couvent-1.mp3<\/a><\/audio>\n<audio class=\"wp-audio-shortcode\" id=\"audio-1071-11\" preload=\"none\" style=\"width: 100%;\" controls=\"controls\"><source type=\"audio\/mpeg\" src=\"https:\/\/alexandresaada.com\/smartphones_tablets\/wp-content\/uploads\/2019\/01\/Femmes-au-Bagne-2.-La-travers\u00e9e-11.01.2018-1.mp3?_=11\" \/><a href=\"https:\/\/alexandresaada.com\/smartphones_tablets\/wp-content\/uploads\/2019\/01\/Femmes-au-Bagne-2.-La-travers\u00e9e-11.01.2018-1.mp3\">https:\/\/alexandresaada.com\/smartphones_tablets\/wp-content\/uploads\/2019\/01\/Femmes-au-Bagne-2.-La-travers\u00e9e-11.01.2018-1.mp3<\/a><\/audio>\n<audio class=\"wp-audio-shortcode\" id=\"audio-1071-12\" preload=\"none\" style=\"width: 100%;\" controls=\"controls\"><source type=\"audio\/mpeg\" src=\"https:\/\/alexandresaada.com\/smartphones_tablets\/wp-content\/uploads\/2019\/01\/Femmes-au-Bagne-3.-Le-quotidien-au-bagne-1.mp3?_=12\" \/><a href=\"https:\/\/alexandresaada.com\/smartphones_tablets\/wp-content\/uploads\/2019\/01\/Femmes-au-Bagne-3.-Le-quotidien-au-bagne-1.mp3\">https:\/\/alexandresaada.com\/smartphones_tablets\/wp-content\/uploads\/2019\/01\/Femmes-au-Bagne-3.-Le-quotidien-au-bagne-1.mp3<\/a><\/audio>\n<audio class=\"wp-audio-shortcode\" id=\"audio-1071-13\" preload=\"none\" style=\"width: 100%;\" controls=\"controls\"><source type=\"audio\/mpeg\" src=\"https:\/\/alexandresaada.com\/smartphones_tablets\/wp-content\/uploads\/2019\/01\/Femmes-au-Bagne-4.-Nouvelle-Caledonie-1.mp3?_=13\" \/><a href=\"https:\/\/alexandresaada.com\/smartphones_tablets\/wp-content\/uploads\/2019\/01\/Femmes-au-Bagne-4.-Nouvelle-Caledonie-1.mp3\">https:\/\/alexandresaada.com\/smartphones_tablets\/wp-content\/uploads\/2019\/01\/Femmes-au-Bagne-4.-Nouvelle-Caledonie-1.mp3<\/a><\/audio>\n<audio class=\"wp-audio-shortcode\" id=\"audio-1071-14\" preload=\"none\" style=\"width: 100%;\" controls=\"controls\"><source type=\"audio\/mpeg\" src=\"https:\/\/alexandresaada.com\/smartphones_tablets\/wp-content\/uploads\/2019\/01\/Femmes-au-Bagne-5.-Lh\u00e9ritage-1.mp3?_=14\" \/><a href=\"https:\/\/alexandresaada.com\/smartphones_tablets\/wp-content\/uploads\/2019\/01\/Femmes-au-Bagne-5.-Lh\u00e9ritage-1.mp3\">https:\/\/alexandresaada.com\/smartphones_tablets\/wp-content\/uploads\/2019\/01\/Femmes-au-Bagne-5.-Lh\u00e9ritage-1.mp3<\/a><\/audio>\n<audio class=\"wp-audio-shortcode\" id=\"audio-1071-15\" preload=\"none\" style=\"width: 100%;\" controls=\"controls\"><source type=\"audio\/mpeg\" src=\"https:\/\/alexandresaada.com\/smartphones_tablets\/wp-content\/uploads\/2019\/01\/Femmes-au-Bagne-6.-G\u00e9n\u00e9rique-de-Fin-1.mp3?_=15\" \/><a href=\"https:\/\/alexandresaada.com\/smartphones_tablets\/wp-content\/uploads\/2019\/01\/Femmes-au-Bagne-6.-G\u00e9n\u00e9rique-de-Fin-1.mp3\">https:\/\/alexandresaada.com\/smartphones_tablets\/wp-content\/uploads\/2019\/01\/Femmes-au-Bagne-6.-G\u00e9n\u00e9rique-de-Fin-1.mp3<\/a><\/audio><\/p>\n<\/div><div class=\"fusion-clearfix\"><\/div><\/div><\/div><\/div><\/div>\n","protected":false},"excerpt":{"rendered":"","protected":false},"author":1,"featured_media":0,"parent":0,"menu_order":0,"comment_status":"closed","ping_status":"closed","template":"100-width.php","meta":{"footnotes":""},"class_list":["post-1071","page","type-page","status-publish","hentry"],"aioseo_notices":[],"_links":{"self":[{"href":"https:\/\/alexandresaada.com\/smartphones_tablets\/wp-json\/wp\/v2\/pages\/1071","targetHints":{"allow":["GET"]}}],"collection":[{"href":"https:\/\/alexandresaada.com\/smartphones_tablets\/wp-json\/wp\/v2\/pages"}],"about":[{"href":"https:\/\/alexandresaada.com\/smartphones_tablets\/wp-json\/wp\/v2\/types\/page"}],"author":[{"embeddable":true,"href":"https:\/\/alexandresaada.com\/smartphones_tablets\/wp-json\/wp\/v2\/users\/1"}],"replies":[{"embeddable":true,"href":"https:\/\/alexandresaada.com\/smartphones_tablets\/wp-json\/wp\/v2\/comments?post=1071"}],"version-history":[{"count":51,"href":"https:\/\/alexandresaada.com\/smartphones_tablets\/wp-json\/wp\/v2\/pages\/1071\/revisions"}],"predecessor-version":[{"id":1225,"href":"https:\/\/alexandresaada.com\/smartphones_tablets\/wp-json\/wp\/v2\/pages\/1071\/revisions\/1225"}],"wp:attachment":[{"href":"https:\/\/alexandresaada.com\/smartphones_tablets\/wp-json\/wp\/v2\/media?parent=1071"}],"curies":[{"name":"wp","href":"https:\/\/api.w.org\/{rel}","templated":true}]}}